{"id":26,"date":"2021-11-08T17:13:53","date_gmt":"2021-11-08T17:13:53","guid":{"rendered":"https:\/\/xn--hmusiikkia-q5aa.fi\/?page_id=26"},"modified":"2023-07-02T16:19:18","modified_gmt":"2023-07-02T16:19:18","slug":"nicklas-gronholm","status":"publish","type":"page","link":"https:\/\/xn--hmusiikkia-q5aa.fi\/","title":{"rendered":"Nicklas Gr\u00f6nholm &#8211; Trubaduuri &#038; Duo"},"content":{"rendered":"\n<p class=\"has-drop-cap\"><strong>Trubaduuri &#8221;mies &amp; kitara&#8221; tai &#8221;mies &amp; kosketinsoitin&#8221;, vai molemmat?<\/strong><\/p>\n\n\n\n<p>Voit tilata juhliisi &#8221;mies ja kitara&#8221; trubaduurin, joka on aitoa luomua (ei taustoja) tai vaihtoehtoisesti &#8221;mies ja kosketinsoitin&#8221; yhdistelm\u00e4n joka luo miltein t\u00e4ydellisen b\u00e4nditunnelman. Eritt\u00e4in suosittua on sekoittaa n\u00e4m\u00e4 kaksi eri tunnelmaa, ensin kitaralla ja sitten biletyst\u00e4 koskettimien tahtiin jossa on mukana rummut, basso jne.<\/p>\n\n\n\n<hr class=\"wp-block-separator has-css-opacity\"\/>\n\n\n\n<hr class=\"wp-block-separator has-css-opacity\"\/>\n\n\n\n<p><\/p>\n\n\n\n<p class=\"has-drop-cap\">Duo<strong> &#8221;kitara &amp; kitara&#8221; tai &#8221;kitara &amp; kosketinsoitin&#8221;, vai molemmat?<\/strong> <\/p>\n\n\n\n<p>Kaksi akustista kitaraa tuo eritt\u00e4in intensiivisen tunnelman juhlaan kuin juhlaan. T\u00e4h\u00e4n kun lis\u00e4t\u00e4\u00e4n viel\u00e4 kosketinsoittimet ja stemmalaulu niin kuulostaa jo kuin isompikin b\u00e4ndi.<\/p>\n\n\n\n<figure class=\"wp-block-pullquote\"><blockquote><p><a href=\"https:\/\/youtu.be\/yjPnD3TbOHY\" data-type=\"URL\" data-id=\"https:\/\/youtu.be\/yjPnD3TbOHY\">Mies &amp; Kitara liven\u00e4<\/a><br><a rel=\"noreferrer noopener\" href=\"https:\/\/xn--hmusiikkia-q5aa.fi\/wp-content\/uploads\/2021\/11\/NJ-Alkuillan-tunnelmointia.mp3\" data-type=\"URL\" target=\"_blank\">Alkuillan tunnelmointia<\/a><br><a rel=\"noreferrer noopener\" href=\"https:\/\/xn--hmusiikkia-q5aa.fi\/wp-content\/uploads\/2021\/11\/NJ-Klassikkoja.mp3\" target=\"_blank\">Klassikkoja<\/a><br><a rel=\"noreferrer noopener\" href=\"https:\/\/xn--hmusiikkia-q5aa.fi\/wp-content\/uploads\/2021\/11\/NJ-Bilesettia.mp3\" target=\"_blank\">Bilesetti\u00e4<\/a><br><a rel=\"noreferrer noopener\" href=\"https:\/\/youtu.be\/HnZSP-Maeao\" target=\"_blank\">Kitaraduo rafaellon terassilla<\/a><br><a rel=\"noreferrer noopener\" href=\"https:\/\/youtu.be\/OY4JGlG54bg\" target=\"_blank\">Yst\u00e4v\u00e4np\u00e4iv\u00e4n laulu<\/a><\/p><\/blockquote><\/figure>\n\n\n\n<hr class=\"wp-block-separator has-css-opacity\"\/>\n\n\n\n<p><\/p>\n\n\n\n<p>Esiintymiset pizzeriakeikoista festarikeikkohin onkin tuonut t\u00e4h\u00e4n esiintyj\u00e4\u00e4n \u201dkokemuksen kautta\u201d opittua varmuutta. Joskus herkimmill\u00e4 biiseill\u00e4 nostetaan tunteen pintaan ja vaihtoehtoisesti menobiiseill\u00e4 t\u00e4m\u00e4 mies saa varmasti yleis\u00f6n tanssilattialle bilett\u00e4m\u00e4\u00e4n!<\/p>\n","protected":false},"excerpt":{"rendered":"<p>Trubaduuri &#8221;mies &amp; kitara&#8221; tai &#8221;mies &amp; kosketinsoitin&#8221;, vai molemmat? Voit tilata juhliisi &#8221;mies ja kitara&#8221; trubaduurin, joka on aitoa luomua (ei taustoja) tai vaihtoehtoisesti &#8221;mies ja kosketinsoitin&#8221; yhdistelm\u00e4n joka<\/p>\n<p class=\"more-link\"><a href=\"https:\/\/xn--hmusiikkia-q5aa.fi\/\" class=\"readmore\">Continue reading<svg class=\"icon icon-arrow-right\" aria-hidden=\"true\" role=\"img\"> <use href=\"#icon-arrow-right\" xlink:href=\"#icon-arrow-right\"><\/use> <\/svg><span class=\"screen-reader-text\">Nicklas Gr\u00f6nholm &#8211; Trubaduuri &#038; Duo<\/span><\/a><\/p>\n","protected":false},"author":1,"featured_media":0,"parent":0,"menu_order":0,"comment_status":"closed","ping_status":"closed","template":"templates\/full-width-page.php","meta":{"footnotes":""},"class_list":["post-26","page","type-page","status-publish","hentry"],"_links":{"self":[{"href":"https:\/\/xn--hmusiikkia-q5aa.fi\/index.php\/wp-json\/wp\/v2\/pages\/26","targetHints":{"allow":["GET"]}}],"collection":[{"href":"https:\/\/xn--hmusiikkia-q5aa.fi\/index.php\/wp-json\/wp\/v2\/pages"}],"about":[{"href":"https:\/\/xn--hmusiikkia-q5aa.fi\/index.php\/wp-json\/wp\/v2\/types\/page"}],"author":[{"embeddable":true,"href":"https:\/\/xn--hmusiikkia-q5aa.fi\/index.php\/wp-json\/wp\/v2\/users\/1"}],"replies":[{"embeddable":true,"href":"https:\/\/xn--hmusiikkia-q5aa.fi\/index.php\/wp-json\/wp\/v2\/comments?post=26"}],"version-history":[{"count":20,"href":"https:\/\/xn--hmusiikkia-q5aa.fi\/index.php\/wp-json\/wp\/v2\/pages\/26\/revisions"}],"predecessor-version":[{"id":69,"href":"https:\/\/xn--hmusiikkia-q5aa.fi\/index.php\/wp-json\/wp\/v2\/pages\/26\/revisions\/69"}],"wp:attachment":[{"href":"https:\/\/xn--hmusiikkia-q5aa.fi\/index.php\/wp-json\/wp\/v2\/media?parent=26"}],"curies":[{"name":"wp","href":"https:\/\/api.w.org\/{rel}","templated":true}]}}